{"id":1589,"date":"2022-03-30T11:40:27","date_gmt":"2022-03-30T11:40:27","guid":{"rendered":"http:\/\/dev2.thoratech.de\/?page_id=1589"},"modified":"2026-01-21T16:03:16","modified_gmt":"2026-01-21T15:03:16","slug":"zertifikate","status":"publish","type":"page","link":"https:\/\/thoratech.de\/de\/zertifikate\/","title":{"rendered":"Zertifikate"},"content":{"rendered":"<div data-colibri-id=\"1589-c1\" class=\"style-1101 style-local-1589-c1 position-relative\">\n  <!---->\n  <div data-colibri-component=\"section\" data-colibri-id=\"1589-c2\" id=\"features\" class=\"h-section h-section-global-spacing d-flex align-items-lg-center align-items-md-center align-items-center style-1111 style-local-1589-c2 position-relative\">\n    <!---->\n    <!---->\n    <div class=\"h-section-grid-container h-section-boxed-container\">\n      <div data-colibri-id=\"1589-c28\" class=\"h-row-container gutters-row-lg-2 gutters-row-md-2 gutters-row-0 gutters-row-v-lg-2 gutters-row-v-md-2 gutters-row-v-2 style-1121 style-local-1589-c28 position-relative\">\n        <!---->\n        <div class=\"h-row justify-content-lg-center justify-content-md-center justify-content-center align-items-lg-stretch align-items-md-stretch align-items-stretch gutters-col-lg-2 gutters-col-md-2 gutters-col-0 gutters-col-v-lg-2 gutters-col-v-md-2 gutters-col-v-2\">\n          <!---->\n          <div class=\"h-column h-column-container d-flex h-col-lg-auto h-col-md-auto h-col-auto style-1122-outer style-local-1589-c29-outer\">\n            <div data-colibri-id=\"1589-c29\" class=\"d-flex h-flex-basis h-column__inner h-px-lg-2 h-px-md-2 h-px-2 v-inner-lg-2 v-inner-md-2 v-inner-2 style-1122 style-local-1589-c29 position-relative\">\n              <!---->\n              <!---->\n              <div class=\"w-100 h-y-container h-column__content h-column__v-align flex-basis-100 align-self-lg-start align-self-md-start align-self-start\">\n                <!---->\n                <div data-colibri-id=\"1589-c30\" class=\"h-global-transition-all h-heading style-1123 style-local-1589-c30 position-relative h-element\">\n                  <!---->\n                  <div class=\"h-heading__outer style-1123 style-local-1589-c30\">\n                    <!---->\n                    <!---->\n                    <h2 class=\"\">Qualit\u00e4tsmanagement nach ISO 13485<\/h2>\n                  <\/div>\n                <\/div>\n                <div data-toggle=\"true\" data-is-preview=\"true\" data-colibri-component=\"accordion\" data-colibri-id=\"1589-c31\" class=\"h-accordion style-1168 style-local-1589-c31 position-relative h-element\">\n                  <!---->\n                  <div data-colibri-id=\"1589-c32\" class=\"h-accordion-item h-accordion-item-first-child style-1169 style-local-1589-c32 position-relative h-element\">\n                    <!---->\n                    <a data-open-by-default=\"false\" href=\"#1589-c32\" class=\"h-accordion-item-title d-flex align-items-center h-global-transition\">\n                      <!----><span>Wof\u00fcr steht eine ISO 13485 Zertifizierung?<\/span>\n                      <div class=\"h-accordion-item-title-normal-icon h-accordion-item-title-icon h-accordion-item-title-icon-right\"><span class=\"h-svg-icon\"><!--Icon by Icons8 Line Awesome (https:\/\/icons8.com\/line-awesome)--><svg version=\"1.1\" xmlns=\"http:\/\/www.w3.org\/2000\/svg\" xmlns:xlink=\"http:\/\/www.w3.org\/1999\/xlink\" id=\"plus\" viewBox=\"0 0 512 545.5\"><path d=\"M240 112h32v160h160v32H272v160h-32V304H80v-32h160V112z\"><\/path><\/svg><\/span><\/div>\n                      <div class=\"h-accordion-item-title-active-icon h-accordion-item-title-icon h-accordion-item-title-icon-right\"><span class=\"h-svg-icon\"><!--Icon by Icons8 Line Awesome (https:\/\/icons8.com\/line-awesome)--><svg version=\"1.1\" xmlns=\"http:\/\/www.w3.org\/2000\/svg\" xmlns:xlink=\"http:\/\/www.w3.org\/1999\/xlink\" id=\"minus\" viewBox=\"0 0 512 545.5\"><path d=\"M80 272h352v32H80v-32z\"><\/path><\/svg><\/span><\/div>\n                    <\/a>\n                    <div id=\"1589-c32\" class=\"h-accordion-item-content__container\">\n                      <div class=\"w-100 h-y-container h-accordion-item-content\">\n                        <!---->\n                        <div data-colibri-id=\"1589-c33\" class=\"h-text h-text-component style-1170 style-local-1589-c33 position-relative h-element\">\n                          <!---->\n                          <!---->\n                          <div class=\"\">\n                            <p>Die ISO 13485 ist eine harmonisierte Norm, die Anforderungen an das Qualit\u00e4tsmanagement (QM) bzw. an die QM-Systeme von Medizinprodukteherstellern formuliert. Mit einer Zertifizierung wird die Konformit\u00e4t der eigenen Produkte\n                              nach Anhang VII der Medizinprodukterichtlinie MDD best\u00e4tigt. <\/p>\n                            <p>Bei Medizinprodukten, die Software enthalten oder eigenst\u00e4ndige Software sind, fordert zudem die IEC 62304 ein QM-System und empfiehlt eines nach ISO 13485.<\/p>\n                            <p>Der Ansatz der QM-Systeme wie ISO 9001, ISO 13485, EFQM oder KTQ ,besteht darin, standardisierte Prozesse zu definieren, die sicherstellen, dass die Anforderungen an das Produkt pr\u00e4zise erhoben, Produkte oder Dienstleistungen\n                              geeignet entwickelt und produziert bzw. erbracht werden. Dazu \u2014 eine weitere Forderungen vieler Qualit\u00e4tsmanagementsysteme \u2014 m\u00fcssen die Firmen geeignete Ressourcen wie Personen und Arbeitsmittel bereitstellen.<\/p>\n                            <p>Wir wollen und m\u00fcssen diesen Anspr\u00fcchen gen\u00fcgen und haben uns deshalb f\u00fcr eine Zertifizierung nach ISO 13485 entschieden!\n                              <br>\n                            <\/p>\n                          <\/div>\n                        <\/div>\n                      <\/div>\n                    <\/div>\n                  <\/div>\n                <\/div>\n                <div data-colibri-id=\"1589-c34\" class=\"h-lead h-text h-text-component style-1124 style-local-1589-c34 position-relative h-element\">\n                  <!---->\n                  <!---->\n                  <div class=\"\">\n                    <p>Nachfolgend finden Sie unsere aktuellen Zertifikate zum Download f\u00fcr Ihre Unterlagen\n                      <br>\n                    <\/p>\n                  <\/div>\n                <\/div>\n              <\/div>\n            <\/div>\n          <\/div>\n        <\/div>\n      <\/div>\n      <div data-colibri-id=\"1589-c3\" class=\"h-row-container gutters-row-lg-3 gutters-row-md-3 gutters-row-2 gutters-row-v-lg-3 gutters-row-v-md-3 gutters-row-v-3 style-1112 style-local-1589-c3 position-relative\">\n        <!---->\n        <div class=\"h-row justify-content-lg-center justify-content-md-center justify-content-center align-items-lg-stretch align-items-md-stretch align-items-stretch gutters-col-lg-3 gutters-col-md-3 gutters-col-2 gutters-col-v-lg-3 gutters-col-v-md-3 gutters-col-v-3\">\n          <!---->\n          <div class=\"h-column h-column-container d-flex h-col-lg-6 h-col-md-6 h-col-12 style-1113-outer style-local-1589-c4-outer\">\n            <div data-colibri-id=\"1589-c4\" class=\"d-flex h-flex-basis h-column__inner h-px-lg-0 h-px-md-0 h-px-0 v-inner-lg-0 v-inner-md-0 v-inner-0 style-1113 style-local-1589-c4 position-relative\">\n              <!---->\n              <!---->\n              <div class=\"w-100 h-y-container h-column__content h-column__v-align flex-basis-100 align-self-lg-start align-self-md-start align-self-start\">\n                <!---->\n                <div data-colibri-id=\"1589-c5\" class=\"d-block style-1114 style-local-1589-c5 position-relative h-element\">\n                  <!---->\n                  <div class=\"h-image__frame-container-outer\">\n                    <div class=\"h-image__frame-container\">\n                      <!---->\n                      <!---->\n                      <img decoding=\"async\" src=\"https:\/\/thoratech.de\/wp-content\/uploads\/2024\/10\/TUVZertifikat-267x300.png\" class=\"style-1114-image style-local-1589-c5-image\">\n                      <div class=\"h-image__frame h-hide-lg h-hide-md h-hide-sm style-1114-frameImage style-local-1589-c5-frameImage\"><\/div>\n                    <\/div>\n                  <\/div>\n                <\/div>\n                <div data-colibri-id=\"1589-c6\" class=\"h-row-container gutters-row-lg-0 gutters-row-md-0 gutters-row-2 gutters-row-v-lg-0 gutters-row-v-md-0 gutters-row-v-2 style-1115 style-local-1589-c6 position-relative\">\n                  <!---->\n                  <div class=\"h-row justify-content-lg-center justify-content-md-center justify-content-center align-items-lg-stretch align-items-md-stretch align-items-stretch gutters-col-lg-0 gutters-col-md-0 gutters-col-2 gutters-col-v-lg-0 gutters-col-v-md-0 gutters-col-v-2\">\n                    <!---->\n                    <div class=\"h-column h-column-container d-flex h-col-lg-auto h-col-md-auto h-col-auto style-1116-outer style-local-1589-c7-outer\">\n                      <div data-colibri-id=\"1589-c7\" class=\"d-flex h-flex-basis h-column__inner h-px-lg-2 h-px-md-3 h-px-2 v-inner-lg-2 v-inner-md-3 v-inner-2 style-1116 style-local-1589-c7 position-relative\">\n                        <!---->\n                        <!---->\n                        <div class=\"w-100 h-y-container h-column__content h-column__v-align flex-basis-100 align-self-lg-start align-self-md-start align-self-start\">\n                          <!---->\n                          <div data-colibri-id=\"1589-c8\" class=\"h-global-transition-all h-heading style-1117 style-local-1589-c8 position-relative h-element\">\n                            <!---->\n                            <div class=\"h-heading__outer style-1117 style-local-1589-c8\">\n                              <!---->\n                              <!---->\n                              <h4 class=\"\">Zertifikat ISO 13485:2016\n                                <br><span style=\"font-weight: 400;\">No. Q5 102326 0001 Rev. 01<\/span><\/h4>\n                            <\/div>\n                          <\/div>\n                          <div data-colibri-id=\"1589-c9\" class=\"h-text h-text-component style-1118 style-local-1589-c9 position-relative h-element\">\n                            <!---->\n                            <!---->\n                            <div class=\"\">\n                              <p><span style=\"font-weight: 600;\">Geltungsbereich: <\/span>\n                                <br>Entwicklung, Herstellung und Vertrieb von Monitoring- und Beatmungssystemen sowie nicht-aktiven, nicht-implantierbaren Medizinprodukten in steriler Ausf\u00fchrung f\u00fcr An\u00e4sthesie, Notfall- und Intensivmedizin oder sterile Intubation.\n                                <br> Zus\u00e4tzlich umfasst das Zertifikat die Entwicklung von Beatmungssystemen sowie Entwicklungsdienstleistungen f\u00fcr respiratorische und schlafdiagnostische Medizinprodukte und die dazugeh\u00f6rige Medizinproduktsoftware.<\/p>\n                            <\/div>\n                          <\/div>\n                        <\/div>\n                      <\/div>\n                    <\/div>\n                  <\/div>\n                <\/div>\n                <div data-colibri-id=\"1589-c10\" class=\"h-x-container style-1119 style-local-1589-c10 position-relative h-element\">\n                  <!---->\n                  <div class=\"h-x-container-inner style-dynamic-1589-c10-group style-1119-spacing style-local-1589-c10-spacing\"><span class=\"h-link__outer style-1120-outer style-local-1589-c11-outer d-inline-flex h-element\"><a h-use-smooth-scroll=\"true\" href=\"\/wp-content\/uploads\/2025\/12\/ThoraTechGmbH_Q5_EN_2025.pdf\" data-fancybox=\"section-group-pMCat7FCcEF8yGPn3rT9oU\"  data-colibri-id=\"1589-c11\" class=\"d-flex w-100 align-items-center h-link style-1120 style-local-1589-c11 position-relative\"><!----><!----> <span>Download<\/span>                    <span class=\"h-svg-icon h-link__icon style-1120-icon style-local-1589-c11-icon\"><!--Icon by Font Awesome (https:\/\/fontawesome.com)-->\n    <svg version=\"1.1\" xmlns=\"http:\/\/www.w3.org\/2000\/svg\" xmlns:xlink=\"http:\/\/www.w3.org\/1999\/xlink\" id=\"cloud-download\" viewBox=\"0 0 1920 1896.0833\">\n      <path d=\"M1280 928q0-14-9-23t-23-9h-224V544q0-13-9.5-22.5T992 512H800q-13 0-22.5 9.5T768 544v352H544q-13 0-22.5 9.5T512 928q0 14 9 23l352 352q9 9 23 9t23-9l351-351q10-12 10-24zm640 224q0 159-112.5 271.5T1536 1536H448q-185 0-316.5-131.5T0 1088q0-130 70-240t188-165q-2-30-2-43 0-212 150-362t362-150q156 0 285.5 87T1242 446q71-62 166-62 106 0 181 75t75 181q0 76-41 138 130 31 213.5 135.5T1920 1152z\"><\/path>\n    <\/svg><\/span><\/a>\n                    <\/span>\n                  <\/div>\n                <\/div>\n              <\/div>\n            <\/div>\n          <\/div>\n          <div class=\"h-column h-column-container d-flex h-col-lg-6 h-col-md-6 h-col-12 style-1113-outer style-local-1589-c12-outer\">\n            <div data-colibri-id=\"1589-c12\" class=\"d-flex h-flex-basis h-column__inner h-px-lg-0 h-px-md-0 h-px-0 v-inner-lg-0 v-inner-md-0 v-inner-0 style-1113 style-local-1589-c12 position-relative\">\n              <!---->\n              <!---->\n              <div class=\"w-100 h-y-container h-column__content h-column__v-align flex-basis-100 align-self-lg-start align-self-md-start align-self-start\">\n                <!---->\n                <div data-colibri-id=\"1589-c13\" class=\"d-block style-1114 style-local-1589-c13 position-relative h-element\">\n                  <!---->\n                  <div class=\"h-image__frame-container-outer\">\n                    <div class=\"h-image__frame-container\">\n                      <!---->\n                      <!---->\n                      <img decoding=\"async\" src=\"https:\/\/thoratech.de\/wp-content\/uploads\/2024\/10\/TUVZertifikat-267x300.png\" class=\"style-1114-image style-local-1589-c13-image\">\n                      <div class=\"h-image__frame h-hide-lg h-hide-md h-hide-sm style-1114-frameImage style-local-1589-c13-frameImage\"><\/div>\n                    <\/div>\n                  <\/div>\n                <\/div>\n                <div data-colibri-id=\"1589-c14\" class=\"h-row-container gutters-row-lg-0 gutters-row-md-0 gutters-row-2 gutters-row-v-lg-0 gutters-row-v-md-0 gutters-row-v-2 style-1115 style-local-1589-c14 position-relative\">\n                  <!---->\n                  <div class=\"h-row justify-content-lg-center justify-content-md-center justify-content-center align-items-lg-stretch align-items-md-stretch align-items-stretch gutters-col-lg-0 gutters-col-md-0 gutters-col-2 gutters-col-v-lg-0 gutters-col-v-md-0 gutters-col-v-2\">\n                    <!---->\n                    <div class=\"h-column h-column-container d-flex h-col-lg-auto h-col-md-auto h-col-auto style-1116-outer style-local-1589-c15-outer\">\n                      <div data-colibri-id=\"1589-c15\" class=\"d-flex h-flex-basis h-column__inner h-px-lg-2 h-px-md-3 h-px-2 v-inner-lg-2 v-inner-md-3 v-inner-2 style-1116 style-local-1589-c15 position-relative\">\n                        <!---->\n                        <!---->\n                        <div class=\"w-100 h-y-container h-column__content h-column__v-align flex-basis-100 align-self-lg-start align-self-md-start align-self-start\">\n                          <!---->\n                          <div data-colibri-id=\"1589-c16\" class=\"h-global-transition-all h-heading style-1117 style-local-1589-c16 position-relative h-element\">\n                            <!---->\n                            <div class=\"h-heading__outer style-1117 style-local-1589-c16\">\n                              <!---->\n                              <!---->\n                              <h4 class=\"\">EU-Qualit\u00e4tsmanagementsystem-Zertifikat (MDR)\n                                <br><span style=\"font-weight: 400;\">No. G10 102326 0002 Rev. 01<\/span><\/h4>\n                            <\/div>\n                          <\/div>\n                          <div data-colibri-id=\"1589-c17\" class=\"h-text h-text-component style-1118 style-local-1589-c17 position-relative h-element\">\n                            <!---->\n                            <!---->\n                            <div class=\"\">\n                              <p><span style=\"font-weight: 600;\">Geltungsbereich: <\/span>\n                                <br>Zertifizierung unseres Qualit\u00e4tsmanagementsystems nach Verordnung (EU) 2017\/745 \u00fcber Medizinprodukte (MDR), Anhang IX Kapitel I und III, f\u00fcr Medizinprodukte der Klassen IIa und IIb.\n                                <br> Das Zertifikat umfasst u. a. den universellen Jet-Ventilator <strong>monsoon 4<\/strong> zur Jet-Beatmung von Patient:innen im Operationssaal (z. B. bei Laryngoskopie, Bronchoskopie oder Mikrochirurgie) sowie weitere Produkte\n                                der Ger\u00e4tegruppe \u201eAn\u00e4sthesie- und pulmonale Beatmungsinstrumente\u201c und naso-\/oropharyngeale Tuben.<\/p>\n                            <\/div>\n                          <\/div>\n                        <\/div>\n                      <\/div>\n                    <\/div>\n                  <\/div>\n                <\/div>\n                <div data-colibri-id=\"1589-c18\" class=\"h-x-container style-1119 style-local-1589-c18 position-relative h-element\">\n                  <!---->\n                  <div class=\"h-x-container-inner style-dynamic-1589-c18-group style-1119-spacing style-local-1589-c18-spacing\"><span class=\"h-link__outer style-1120-outer style-local-1589-c19-outer d-inline-flex h-element\"><a h-use-smooth-scroll=\"true\" href=\"\/wp-content\/uploads\/2025\/12\/ThoraTechGmbH_G10_2025.pdf\" data-fancybox=\"section-group-pMCat7FCcEF8yGPn3rT9oU\"  data-colibri-id=\"1589-c19\" class=\"d-flex w-100 align-items-center h-link style-1120 style-local-1589-c19 position-relative\"><!----><!----> <span>Download<\/span>                    <span class=\"h-svg-icon h-link__icon style-1120-icon style-local-1589-c19-icon\"><!--Icon by Font Awesome (https:\/\/fontawesome.com)-->\n    <svg version=\"1.1\" xmlns=\"http:\/\/www.w3.org\/2000\/svg\" xmlns:xlink=\"http:\/\/www.w3.org\/1999\/xlink\" id=\"cloud-download\" viewBox=\"0 0 1920 1896.0833\">\n      <path d=\"M1280 928q0-14-9-23t-23-9h-224V544q0-13-9.5-22.5T992 512H800q-13 0-22.5 9.5T768 544v352H544q-13 0-22.5 9.5T512 928q0 14 9 23l352 352q9 9 23 9t23-9l351-351q10-12 10-24zm640 224q0 159-112.5 271.5T1536 1536H448q-185 0-316.5-131.5T0 1088q0-130 70-240t188-165q-2-30-2-43 0-212 150-362t362-150q156 0 285.5 87T1242 446q71-62 166-62 106 0 181 75t75 181q0 76-41 138 130 31 213.5 135.5T1920 1152z\"><\/path>\n    <\/svg><\/span><\/a>\n                    <\/span>\n                  <\/div>\n                <\/div>\n              <\/div>\n            <\/div>\n          <\/div>\n          <div class=\"h-column h-column-container d-flex h-col-lg-6 h-col-md-6 h-col-12 style-1113-outer style-local-1589-c20-outer\">\n            <div data-colibri-id=\"1589-c20\" class=\"d-flex h-flex-basis h-column__inner h-px-lg-0 h-px-md-0 h-px-0 v-inner-lg-0 v-inner-md-0 v-inner-0 style-1113 style-local-1589-c20 position-relative\">\n              <!---->\n              <!---->\n              <div class=\"w-100 h-y-container h-column__content h-column__v-align flex-basis-100 align-self-lg-start align-self-md-start align-self-start\">\n                <!---->\n                <div data-colibri-id=\"1589-c21\" class=\"d-block style-1114 style-local-1589-c21 position-relative h-element\">\n                  <!---->\n                  <div class=\"h-image__frame-container-outer\">\n                    <div class=\"h-image__frame-container\">\n                      <!---->\n                      <!---->\n                      <img decoding=\"async\" src=\"https:\/\/thoratech.de\/wp-content\/uploads\/2024\/10\/TUVZertifikat-267x300.png\" class=\"style-1114-image style-local-1589-c21-image\">\n                      <div class=\"h-image__frame h-hide-lg h-hide-md h-hide-sm style-1114-frameImage style-local-1589-c21-frameImage\"><\/div>\n                    <\/div>\n                  <\/div>\n                <\/div>\n                <div data-colibri-id=\"1589-c22\" class=\"h-row-container gutters-row-lg-0 gutters-row-md-0 gutters-row-2 gutters-row-v-lg-0 gutters-row-v-md-0 gutters-row-v-2 style-1115 style-local-1589-c22 position-relative\">\n                  <!---->\n                  <div class=\"h-row justify-content-lg-center justify-content-md-center justify-content-center align-items-lg-stretch align-items-md-stretch align-items-stretch gutters-col-lg-0 gutters-col-md-0 gutters-col-2 gutters-col-v-lg-0 gutters-col-v-md-0 gutters-col-v-2\">\n                    <!---->\n                    <div class=\"h-column h-column-container d-flex h-col-lg-auto h-col-md-auto h-col-auto style-1116-outer style-local-1589-c23-outer\">\n                      <div data-colibri-id=\"1589-c23\" class=\"d-flex h-flex-basis h-column__inner h-px-lg-2 h-px-md-3 h-px-2 v-inner-lg-2 v-inner-md-3 v-inner-2 style-1116 style-local-1589-c23 position-relative\">\n                        <!---->\n                        <!---->\n                        <div class=\"w-100 h-y-container h-column__content h-column__v-align flex-basis-100 align-self-lg-start align-self-md-start align-self-start\">\n                          <!---->\n                          <div data-colibri-id=\"1589-c24\" class=\"h-global-transition-all h-heading style-1117 style-local-1589-c24 position-relative h-element\">\n                            <!---->\n                            <div class=\"h-heading__outer style-1117 style-local-1589-c24\">\n                              <!---->\n                              <!---->\n                              <h4 class=\"\">Zertifikat ISO 13485:2016 (MDSAP \/ USA)\n                                <br><span style=\"font-weight: 400;\">No. QS6 102326 0003 Rev. 00<\/span><\/h4>\n                            <\/div>\n                          <\/div>\n                          <div data-colibri-id=\"1589-c25\" class=\"h-text h-text-component style-1118 style-local-1589-c25 position-relative h-element\">\n                            <!---->\n                            <!---->\n                            <div class=\"\">\n                              <p><span style=\"font-weight: 600;\">Geltungsbereich: <\/span>\n                                <br>Design und Entwicklung, Herstellung und Vertrieb von Monitoring- und Beatmungssystemen sowie nicht-aktiven, nicht-implantierbaren Medizinprodukten in steriler Ausf\u00fchrung f\u00fcr An\u00e4sthesie, Notfall- und Intensivmedizin bzw.\n                                sterile Intubation. Zus\u00e4tzlich umfasst das Zertifikat Auftrags-Design- und Entwicklungsdienstleistungen f\u00fcr Beatmungssysteme sowie Entwicklungsdienstleistungen f\u00fcr respiratorische und schlafdiagnostische Medizinprodukte\n                                inklusive der zugeh\u00f6rigen Medizinproduktsoftware. Das Qualit\u00e4tsmanagement-system wurde zudem gegen relevante regulatorische Anforderungen der <strong>USA (FDA)<\/strong> auditiert (u. a. 21 CFR Part 803, 806, 807 Subparts\n                                A\u2013D, 820).<\/p>\n                            <\/div>\n                          <\/div>\n                        <\/div>\n                      <\/div>\n                    <\/div>\n                  <\/div>\n                <\/div>\n                <div data-colibri-id=\"1589-c26\" class=\"h-x-container style-1119 style-local-1589-c26 position-relative h-element\">\n                  <!---->\n                  <div class=\"h-x-container-inner style-dynamic-1589-c26-group style-1119-spacing style-local-1589-c26-spacing\"><span class=\"h-link__outer style-1120-outer style-local-1589-c27-outer d-inline-flex h-element\"><a h-use-smooth-scroll=\"true\" href=\"\/wp-content\/uploads\/2026\/01\/ThoraTechGmbH_QS6_2026.pdf\" data-fancybox=\"section-group-pMCat7FCcEF8yGPn3rT9oU\"  data-colibri-id=\"1589-c27\" class=\"d-flex w-100 align-items-center h-link style-1120 style-local-1589-c27 position-relative\"><!----><!----> <span>Download<\/span>                    <span class=\"h-svg-icon h-link__icon style-1120-icon style-local-1589-c27-icon\"><!--Icon by Font Awesome (https:\/\/fontawesome.com)-->\n    <svg version=\"1.1\" xmlns=\"http:\/\/www.w3.org\/2000\/svg\" xmlns:xlink=\"http:\/\/www.w3.org\/1999\/xlink\" id=\"cloud-download\" viewBox=\"0 0 1920 1896.0833\">\n      <path d=\"M1280 928q0-14-9-23t-23-9h-224V544q0-13-9.5-22.5T992 512H800q-13 0-22.5 9.5T768 544v352H544q-13 0-22.5 9.5T512 928q0 14 9 23l352 352q9 9 23 9t23-9l351-351q10-12 10-24zm640 224q0 159-112.5 271.5T1536 1536H448q-185 0-316.5-131.5T0 1088q0-130 70-240t188-165q-2-30-2-43 0-212 150-362t362-150q156 0 285.5 87T1242 446q71-62 166-62 106 0 181 75t75 181q0 76-41 138 130 31 213.5 135.5T1920 1152z\"><\/path>\n    <\/svg><\/span><\/a>\n                    <\/span>\n                  <\/div>\n                <\/div>\n              <\/div>\n            <\/div>\n          <\/div>\n        <\/div>\n      <\/div>\n    <\/div>\n  <\/div>\n<\/div>","protected":false},"excerpt":{"rendered":"<p>Qualit\u00e4tsmanagement nach ISO 13485 Wof\u00fcr steht eine ISO 13485 Zertifizierung? Die ISO 13485 ist eine harmonisierte Norm, die Anforderungen an das Qualit\u00e4tsmanagement (QM) bzw. an die QM-Systeme von Medizinprodukteherstellern formuliert. Mit einer Zertifizierung wird die Konformit\u00e4t der eigenen Produkte nach Anhang VII der Medizinprodukterichtlinie MDD best\u00e4tigt. Bei Medizinprodukten, die Software enthalten oder eigenst\u00e4ndige Software sind, [&hellip;]<\/p>\n","protected":false},"author":1,"featured_media":976,"parent":0,"menu_order":0,"comment_status":"closed","ping_status":"closed","template":"page-templates\/full-width-page.php","meta":{"footnotes":""},"class_list":["post-1589","page","type-page","status-publish","has-post-thumbnail","hentry"],"_links":{"self":[{"href":"https:\/\/thoratech.de\/de\/wp-json\/wp\/v2\/pages\/1589","targetHints":{"allow":["GET"]}}],"collection":[{"href":"https:\/\/thoratech.de\/de\/wp-json\/wp\/v2\/pages"}],"about":[{"href":"https:\/\/thoratech.de\/de\/wp-json\/wp\/v2\/types\/page"}],"author":[{"embeddable":true,"href":"https:\/\/thoratech.de\/de\/wp-json\/wp\/v2\/users\/1"}],"replies":[{"embeddable":true,"href":"https:\/\/thoratech.de\/de\/wp-json\/wp\/v2\/comments?post=1589"}],"version-history":[{"count":5,"href":"https:\/\/thoratech.de\/de\/wp-json\/wp\/v2\/pages\/1589\/revisions"}],"predecessor-version":[{"id":5468,"href":"https:\/\/thoratech.de\/de\/wp-json\/wp\/v2\/pages\/1589\/revisions\/5468"}],"wp:featuredmedia":[{"embeddable":true,"href":"https:\/\/thoratech.de\/de\/wp-json\/wp\/v2\/media\/976"}],"wp:attachment":[{"href":"https:\/\/thoratech.de\/de\/wp-json\/wp\/v2\/media?parent=1589"}],"curies":[{"name":"wp","href":"https:\/\/api.w.org\/{rel}","templated":true}]}}