{"id":553,"date":"2022-03-03T12:09:54","date_gmt":"2022-03-03T12:09:54","guid":{"rendered":"http:\/\/dev2.thoratech.de\/?page_id=553"},"modified":"2022-05-02T18:45:43","modified_gmt":"2022-05-02T18:45:43","slug":"produktion","status":"publish","type":"page","link":"https:\/\/thoratech.de\/de\/produktion\/","title":{"rendered":"Produktion"},"content":{"rendered":"<div data-colibri-id=\"553-c1\" class=\"style-1171 style-local-553-c1 position-relative\">\n  <!---->\n  <div data-colibri-component=\"section\" data-colibri-id=\"553-c2\" id=\"about\" class=\"h-section h-section-global-spacing d-flex align-items-lg-center align-items-md-center align-items-center style-1188 style-local-553-c2 position-relative\">\n    <!---->\n    <!---->\n    <div class=\"h-section-grid-container h-section-boxed-container\">\n      <!---->\n      <div data-colibri-id=\"553-c3\" class=\"h-row-container gutters-row-lg-0 gutters-row-md-0 gutters-row-2 gutters-row-v-lg-0 gutters-row-v-md-0 gutters-row-v-2 style-1189 style-local-553-c3 position-relative\">\n        <!---->\n        <div class=\"h-row justify-content-lg-center justify-content-md-center justify-content-center align-items-lg-stretch align-items-md-stretch align-items-stretch gutters-col-lg-0 gutters-col-md-0 gutters-col-2 gutters-col-v-lg-0 gutters-col-v-md-0 gutters-col-v-2\">\n          <!---->\n          <div class=\"h-column h-column-container d-flex h-col-lg-6 h-col-md-6 h-col-12 style-1190-outer style-local-553-c4-outer\">\n            <div data-colibri-id=\"553-c4\" class=\"d-flex h-flex-basis h-column__inner h-px-lg-3 h-px-md-3 h-px-3 v-inner-lg-3 v-inner-md-3 v-inner-3 style-1190 style-local-553-c4 position-relative\">\n              <!---->\n              <!---->\n              <div class=\"w-100 h-y-container h-column__content h-column__v-align flex-basis-100 align-self-lg-start align-self-md-start align-self-start\">\n                <!---->\n                <div data-colibri-id=\"553-c5\" class=\"h-global-transition-all h-heading style-1191 style-local-553-c5 position-relative h-element\">\n                  <!---->\n                  <div class=\"h-heading__outer style-1191 style-local-553-c5\">\n                    <!---->\n                    <!---->\n                    <h2 class=\"\"><span style=\"font-size: 88%;\">Der Weg von der <\/span><em style=\"font-size: 88%; color: rgb(249, 176, 0); font-family: Playfair Display;\">Bastelbude<\/em><span style=\"font-size: 88%;\"> zur eigenen <\/span><em style=\"font-size: 88%; color: rgb(249, 176, 0); font-family: Playfair Display;\">Produktion<\/em><\/h2>\n                  <\/div>\n                <\/div>\n                <div data-colibri-id=\"553-c6\" class=\"h-lead h-text h-text-component style-1192 style-local-553-c6 position-relative h-element\">\n                  <!---->\n                  <!---->\n                  <div class=\"\">\n                    <p>Es begann alles in einem kleinen Raum eines Einfamilienhauses mit ein paar Handwerkzeugen um erste Prototypen zu erstellen und notd\u00fcrftige Reperaturen zu machen.\n                      <br>\n                      <br>Heute produzieren wir Kleinserien unserer eigenen Produkte, dazu z\u00e4hlt vor allem der\n                      <a href=\"https:\/\/thoratech.de\/monsoon-4\" style=\"color: rgb(249, 176, 0);\" target=\"_blank\" class=\"\" draggable=\"false\" rel=\"noopener\">Monsoon 4<\/a> oder der\n                      <a href=\"https:\/\/thoratech.de\/sound-cube\" style=\"color: rgb(249, 176, 0);\" target=\"_blank\" class=\"\" draggable=\"false\" rel=\"noopener\">Sound Cube<\/a>, aber auch Auftragsarbeiten. Wir \u00fcbernehmen nicht nur die Prototypen, Null- oder Erstserien, sondern auch Folgeauftr\u00e4ge oder sogar die Gesamtproduktion.<\/p>\n                    <p>Gelenkte und \u00fcberwachte Produktionsprozesse werden individuell f\u00fcr die jeweiligen Produkte geplant, getestet und letztlich umgesetzt.<\/p>\n                    <p>Eine eigene Werkstatt sowie weitere Produktionsr\u00e4ume, ausger\u00fcstet mit Fr\u00e4sen, Drehb\u00e4nken, Bohrmaschienen, Strahlkabinen, L\u00f6t- und ESD- Arbeitspl\u00e4tzen, 3D Druckern, Reinigungsanlagen und diversen Werkzeugen werden von unseren geschulten\n                      Mitarbeiter:innen t\u00e4glich zur Produktion, f\u00fcr den Service oder f\u00fcr das Prototyping verwendet.\n                      <br>\n                      <br>F\u00fcr gr\u00f6\u00dfere Auftr\u00e4ge oder den Einsatz von Technologien die wir selbst nicht abdecken k\u00f6nnen, haben wir ein Netzwerk von f\u00e4higen und zuverl\u00e4ssigen\n                      <a href=\"https:\/\/thoratech.de\/#partner\" style=\"color: rgb(249, 176, 0);\" target=\"_blank\" class=\"\" draggable=\"false\" rel=\"noopener\">Partnern<\/a> aufgebaut.<\/p>\n                  <\/div>\n                <\/div>\n              <\/div>\n            <\/div>\n          <\/div>\n          <div class=\"h-column h-column-container d-flex h-col-lg-6 h-col-md-6 h-col-12 style-1196-outer style-local-553-c7-outer\">\n            <div data-colibri-id=\"553-c7\" class=\"d-flex h-flex-basis h-column__inner h-px-lg-0 h-px-md-0 h-px-0 v-inner-lg-0 v-inner-md-0 v-inner-0 style-1196 style-local-553-c7 position-relative\">\n              <!---->\n              <!---->\n              <div class=\"w-100 h-y-container h-column__content h-column__v-align flex-basis-100 align-self-lg-center align-self-md-center align-self-center\">\n                <!---->\n                <div data-colibri-id=\"553-c8\" class=\"h-multiple-image style-1197 style-local-553-c8 position-relative h-element\">\n                  <!---->\n                  <div class=\"position-relative\">\n                    <div class=\"h-multiple-image-inside-container\">\n                      <div class=\"ratio-inner\">\n                        <div data-colibri-id=\"553-c9\" class=\"d-block style-1198 style-local-553-c9 position-relative h-element\">\n                          <!---->\n                          <div class=\"h-image__frame-container-outer\">\n                            <div class=\"h-image__frame-container\">\n                              <!---->\n                              <!---->\n                              <img loading=\"lazy\" decoding=\"async\" width=\"2560\" height=\"1708\" src=\"https:\/\/thoratech.de\/wp-content\/uploads\/2022\/04\/AdobeStock_282193584-scaled.jpeg\" class=\"style-1197-images style-local-553-c8-images wp-image-2013 style-1198-image style-local-553-c9-image\" alt=\"\" srcset=\"https:\/\/thoratech.de\/wp-content\/uploads\/2022\/04\/AdobeStock_282193584-scaled.jpeg 2560w, https:\/\/thoratech.de\/wp-content\/uploads\/2022\/04\/AdobeStock_282193584-300x200.jpeg 300w, https:\/\/thoratech.de\/wp-content\/uploads\/2022\/04\/AdobeStock_282193584-1024x683.jpeg 1024w, https:\/\/thoratech.de\/wp-content\/uploads\/2022\/04\/AdobeStock_282193584-768x513.jpeg 768w, https:\/\/thoratech.de\/wp-content\/uploads\/2022\/04\/AdobeStock_282193584-1536x1025.jpeg 1536w, https:\/\/thoratech.de\/wp-content\/uploads\/2022\/04\/AdobeStock_282193584-2048x1367.jpeg 2048w, https:\/\/thoratech.de\/wp-content\/uploads\/2022\/04\/AdobeStock_282193584-18x12.jpeg 18w\" sizes=\"auto, (max-width: 2560px) 100vw, 2560px\" \/>\n                              <div class=\"h-image__frame h-hide-lg h-hide-md h-hide-sm style-1198-frameImage style-local-553-c9-frameImage\"><\/div>\n                            <\/div>\n                          <\/div>\n                        <\/div>\n                        <div data-colibri-id=\"553-c10\" class=\"d-block style-1199 style-local-553-c10 position-relative h-element\">\n                          <!---->\n                          <div class=\"h-image__frame-container-outer\">\n                            <div class=\"h-image__frame-container\">\n                              <!---->\n                              <!---->\n                              <img loading=\"lazy\" decoding=\"async\" width=\"775\" height=\"900\" src=\"https:\/\/thoratech.de\/wp-content\/uploads\/2022\/04\/cropped-Produktion1_oldStyle.png\" class=\"style-1197-images style-local-553-c8-images wp-image-2196 style-1199-image style-local-553-c10-image\" alt=\"\" srcset=\"https:\/\/thoratech.de\/wp-content\/uploads\/2022\/04\/cropped-Produktion1_oldStyle.png 775w, https:\/\/thoratech.de\/wp-content\/uploads\/2022\/04\/cropped-Produktion1_oldStyle-258x300.png 258w, https:\/\/thoratech.de\/wp-content\/uploads\/2022\/04\/cropped-Produktion1_oldStyle-768x892.png 768w, https:\/\/thoratech.de\/wp-content\/uploads\/2022\/04\/cropped-Produktion1_oldStyle-10x12.png 10w\" sizes=\"auto, (max-width: 775px) 100vw, 775px\" \/>\n                              <div class=\"h-image__frame h-hide-lg h-hide-md h-hide-sm style-1199-frameImage style-local-553-c10-frameImage\"><\/div>\n                            <\/div>\n                          <\/div>\n                        <\/div>\n                        <div data-colibri-id=\"553-c11\" class=\"d-block style-1325 style-local-553-c11 position-relative h-element\">\n                          <!---->\n                          <div class=\"h-image__frame-container-outer\">\n                            <div class=\"h-image__frame-container\">\n                              <!---->\n                              <!---->\n                              <img loading=\"lazy\" decoding=\"async\" width=\"2560\" height=\"1707\" src=\"https:\/\/thoratech.de\/wp-content\/uploads\/2022\/04\/AdobeStock_318564588-scaled.jpeg\" class=\"style-1197-images style-local-553-c8-images wp-image-2016 style-1325-image style-local-553-c11-image\" alt=\"\" srcset=\"https:\/\/thoratech.de\/wp-content\/uploads\/2022\/04\/AdobeStock_318564588-scaled.jpeg 2560w, https:\/\/thoratech.de\/wp-content\/uploads\/2022\/04\/AdobeStock_318564588-300x200.jpeg 300w, https:\/\/thoratech.de\/wp-content\/uploads\/2022\/04\/AdobeStock_318564588-1024x683.jpeg 1024w, https:\/\/thoratech.de\/wp-content\/uploads\/2022\/04\/AdobeStock_318564588-768x512.jpeg 768w, https:\/\/thoratech.de\/wp-content\/uploads\/2022\/04\/AdobeStock_318564588-1536x1024.jpeg 1536w, https:\/\/thoratech.de\/wp-content\/uploads\/2022\/04\/AdobeStock_318564588-2048x1365.jpeg 2048w, https:\/\/thoratech.de\/wp-content\/uploads\/2022\/04\/AdobeStock_318564588-18x12.jpeg 18w\" sizes=\"auto, (max-width: 2560px) 100vw, 2560px\" \/>\n                              <div class=\"h-image__frame h-hide-lg h-hide-md h-hide-sm style-1325-frameImage style-local-553-c11-frameImage\"><\/div>\n                            <\/div>\n                          <\/div>\n                        <\/div>\n                      <\/div>\n                    <\/div>\n                  <\/div>\n                <\/div>\n              <\/div>\n            <\/div>\n          <\/div>\n        <\/div>\n      <\/div>\n    <\/div>\n  <\/div>\n<\/div>","protected":false},"excerpt":{"rendered":"<p>Der Weg von der Bastelbude zur eigenen Produktion Es begann alles in einem kleinen Raum eines Einfamilienhauses mit ein paar Handwerkzeugen um erste Prototypen zu erstellen und notd\u00fcrftige Reperaturen zu machen. Heute produzieren wir Kleinserien unserer eigenen Produkte, dazu z\u00e4hlt vor allem der Monsoon 4 oder der Sound Cube, aber auch Auftragsarbeiten. Wir \u00fcbernehmen nicht [&hellip;]<\/p>\n","protected":false},"author":1,"featured_media":1846,"parent":0,"menu_order":0,"comment_status":"closed","ping_status":"closed","template":"page-templates\/full-width-page.php","meta":{"footnotes":""},"class_list":["post-553","page","type-page","status-publish","has-post-thumbnail","hentry"],"_links":{"self":[{"href":"https:\/\/thoratech.de\/de\/wp-json\/wp\/v2\/pages\/553","targetHints":{"allow":["GET"]}}],"collection":[{"href":"https:\/\/thoratech.de\/de\/wp-json\/wp\/v2\/pages"}],"about":[{"href":"https:\/\/thoratech.de\/de\/wp-json\/wp\/v2\/types\/page"}],"author":[{"embeddable":true,"href":"https:\/\/thoratech.de\/de\/wp-json\/wp\/v2\/users\/1"}],"replies":[{"embeddable":true,"href":"https:\/\/thoratech.de\/de\/wp-json\/wp\/v2\/comments?post=553"}],"version-history":[{"count":0,"href":"https:\/\/thoratech.de\/de\/wp-json\/wp\/v2\/pages\/553\/revisions"}],"wp:featuredmedia":[{"embeddable":true,"href":"https:\/\/thoratech.de\/de\/wp-json\/wp\/v2\/media\/1846"}],"wp:attachment":[{"href":"https:\/\/thoratech.de\/de\/wp-json\/wp\/v2\/media?parent=553"}],"curies":[{"name":"wp","href":"https:\/\/api.w.org\/{rel}","templated":true}]}}