{"id":556,"date":"2022-03-03T12:09:54","date_gmt":"2022-03-03T12:09:54","guid":{"rendered":"http:\/\/dev2.thoratech.de\/?page_id=556"},"modified":"2022-05-02T09:32:02","modified_gmt":"2022-05-02T09:32:02","slug":"forschung","status":"publish","type":"page","link":"https:\/\/thoratech.de\/de\/forschung\/","title":{"rendered":"Forschung"},"content":{"rendered":"<div data-colibri-id=\"556-c1\" class=\"style-1260 style-local-556-c1 position-relative\">\n  <!---->\n  <div data-colibri-component=\"section\" data-colibri-id=\"556-c2\" id=\"about\" class=\"h-section h-section-global-spacing d-flex align-items-lg-center align-items-md-center align-items-center style-1261 style-local-556-c2 position-relative\">\n    <!---->\n    <!---->\n    <div class=\"h-section-grid-container h-section-boxed-container\">\n      <!---->\n      <div data-colibri-id=\"556-c3\" class=\"h-row-container gutters-row-lg-0 gutters-row-md-0 gutters-row-0 gutters-row-v-lg-0 gutters-row-v-md-0 gutters-row-v-0 style-1262 style-local-556-c3 position-relative\">\n        <!---->\n        <div class=\"h-row justify-content-lg-center justify-content-md-center justify-content-center align-items-lg-stretch align-items-md-stretch align-items-stretch gutters-col-lg-0 gutters-col-md-0 gutters-col-0 gutters-col-v-lg-0 gutters-col-v-md-0 gutters-col-v-0\">\n          <!---->\n          <div class=\"h-column h-column-container d-flex h-col-lg-auto h-col-md-auto h-col-auto style-1263-outer style-local-556-c4-outer\">\n            <div data-colibri-id=\"556-c4\" class=\"d-flex h-flex-basis h-column__inner h-px-lg-0 h-px-md-0 h-px-0 v-inner-lg-0 v-inner-md-0 v-inner-0 style-1263 style-local-556-c4 position-relative\">\n              <!---->\n              <!---->\n              <div class=\"w-100 h-y-container h-column__content h-column__v-align flex-basis-100 align-self-lg-start align-self-md-start align-self-start\">\n                <!---->\n                <div data-colibri-id=\"556-c5\" class=\"h-global-transition-all h-heading style-1265 style-local-556-c5 position-relative h-element\">\n                  <!---->\n                  <div class=\"h-heading__outer style-1265 style-local-556-c5\">\n                    <!---->\n                    <!---->\n                    <h2 class=\"\"><span style=\"font-size: 103%;\">Forschungsprojekte und <\/span><em style=\"font-size: 103%; font-family: Playfair Display; color: rgb(3, 169, 244);\">\u00f6ffentliche<\/em><em style=\"font-size: 103%; font-family: Playfair Display;\"> <\/em>\n                      <span\n                        style=\"font-size: 103%;\">F\u00f6rderung <\/span><em style=\"font-family: Playfair Display;\"><br><\/em><\/h2>\n                  <\/div>\n                <\/div>\n                <div data-colibri-id=\"556-c6\" class=\"h-text h-text-component style-1266 style-local-556-c6 position-relative h-element\">\n                  <!---->\n                  <!---->\n                  <div class=\"\">\n                    <p>Wir waren und sind Industriepartner in verschiedenen Verbund-F\u00f6rderprojekten und haben in diesem Rahmen Medizinger\u00e4te entwickelt und validiert.<\/p>\n                    <p>Die \u00f6ffentliche F\u00f6rderung erm\u00f6glicht es, zusammen mit kompetenten Partnern aus Wissenschaft und Industrie, wichtige Entwicklungen anzugehen und die Ergebnisse zur Erschlie\u00dfung neuer M\u00e4rkte einzusetzen.<\/p>\n                    <p>Mit unserem Know-How und unseren Kenntnissen im Design und der Entwicklung medizinischer Baugruppen sind wir in der Lage, ein sehr breites Leistungsspektrum in der Ger\u00e4teentwicklung, der Validierung und der Zulassung von Medizinprodukten\n                      abzudecken.<\/p>\n                  <\/div>\n                <\/div>\n                <div data-colibri-id=\"556-c7\" class=\"h-text h-text-component style-1266 style-local-556-c7 position-relative h-element\">\n                  <!---->\n                  <!---->\n                  <div class=\"\">\n                    <p>Ein kleiner Auszug von bereits erfolgreich durchgef\u00fchrten <span style=\"font-weight: 600;\">Kooperationsprojekten<\/span>:\n                      <br>\n                    <\/p>\n                  <\/div>\n                <\/div>\n                <div data-colibri-id=\"556-c8\" class=\"h-row-container gutters-row-lg-1 gutters-row-md-1 gutters-row-0 gutters-row-v-lg-1 gutters-row-v-md-1 gutters-row-v-1 style-1272 style-local-556-c8 position-relative\">\n                  <!---->\n                  <div class=\"h-row justify-content-lg-center justify-content-md-center justify-content-center align-items-lg-center align-items-md-center align-items-center gutters-col-lg-1 gutters-col-md-1 gutters-col-0 gutters-col-v-lg-1 gutters-col-v-md-1 gutters-col-v-1\">\n                    <!---->\n                    <div class=\"h-column h-column-container d-flex h-col-lg-6 h-col-md-6 h-col-12 align-self-lg-center align-self-md-center align-self-center style-1273-outer style-local-556-c9-outer\">\n                      <div data-colibri-id=\"556-c9\" class=\"d-flex h-flex-basis h-column__inner h-px-lg-1 h-px-md-1 h-px-1 v-inner-lg-1 v-inner-md-1 v-inner-1 style-1273 style-local-556-c9 position-relative\">\n                        <!---->\n                        <!---->\n                        <div class=\"w-100 h-y-container h-column__content h-column__v-align flex-basis-100 align-self-lg-start align-self-md-start align-self-start\">\n                          <!---->\n                          <div data-colibri-id=\"556-c10\" class=\"h-text h-text-component style-1275 style-local-556-c10 position-relative h-element\">\n                            <!---->\n                            <!---->\n                            <div class=\"\">\n                              <p>Nasale Sole-Aerosol-Langzeit-Therapie (NaSALT)<\/p>\n                            <\/div>\n                          <\/div>\n                        <\/div>\n                      <\/div>\n                    <\/div>\n                    <div class=\"h-column h-column-container d-flex h-col-lg-6 h-col-md-6 h-col-12 align-self-lg-center align-self-md-center align-self-center style-1274-outer style-local-556-c11-outer\">\n                      <div data-colibri-id=\"556-c11\" class=\"d-flex h-flex-basis h-column__inner h-px-lg-1 h-px-md-1 h-px-1 v-inner-lg-1 v-inner-md-1 v-inner-1 style-1274 style-local-556-c11 position-relative\">\n                        <!---->\n                        <!---->\n                        <div class=\"w-100 h-y-container h-column__content h-column__v-align flex-basis-100 align-self-lg-center align-self-md-center align-self-center\">\n                          <!---->\n                          <div data-colibri-id=\"556-c12\" class=\"h-x-container style-1276 style-local-556-c12 position-relative h-element\">\n                            <!---->\n                            <div class=\"h-x-container-inner style-dynamic-556-c12-group style-1276-spacing style-local-556-c12-spacing\"><span class=\"h-link__outer style-1277-outer style-local-556-c13-outer d-inline-flex h-element\"><a h-use-smooth-scroll=\"true\" href=\"\/wp-content\/uploads\/2022\/04\/Kooperationsprojekt_NaSALT.pdf\" data-fancybox=\"section-group-tG25jdJJBnzCC3eD21LqYS\"  data-colibri-id=\"556-c13\" class=\"d-flex w-100 align-items-center h-link style-1277 style-local-556-c13 position-relative\"><!----><span  class=\"h-svg-icon h-link__icon style-1277-icon style-local-556-c13-icon\"><!--Icon by Font Awesome (https:\/\/fontawesome.com)--><svg version=\"1.1\" xmlns=\"http:\/\/www.w3.org\/2000\/svg\" xmlns:xlink=\"http:\/\/www.w3.org\/1999\/xlink\" id=\"file-pdf-o\" viewBox=\"0 0 1611.2499 1896.0833\"><path d=\"M1468 380q28 28 48 76t20 88v1152q0 40-28 68t-68 28H96q-40 0-68-28t-28-68V96q0-40 28-68T96 0h896q40 0 88 20t76 48zm-444-244v376h376q-10-29-22-41l-313-313q-12-12-41-22zm384 1528V640H992q-40 0-68-28t-28-68V128H128v1536h1280zm-514-593q33 26 84 56 59-7 117-7 147 0 177 49 16 22 2 52 0 1-1 2l-2 2v1q-6 38-71 38-48 0-115-20t-130-53q-221 24-392 83-153 262-242 262-15 0-28-7l-24-12q-1-1-6-5-10-10-6-36 9-40 56-91.5t132-96.5q14-9 23 6 2 2 2 4 52-85 107-197 68-136 104-262-24-82-30.5-159.5T657 552q11-40 42-40h22q23 0 35 15 18 21 9 68-2 6-4 8 1 3 1 8v30q-2 123-14 192 55 164 146 238zm-576 411q52-24 137-158-51 40-87.5 84t-49.5 74zm398-920q-15 42-2 132 1-7 7-44 0-3 7-43 1-4 4-8-1-1-1-2-1-2-1-3-1-22-13-36 0 1-1 2v2zm-124 661q135-54 284-81-2-1-13-9.5t-16-13.5q-76-67-127-176-27 86-83 197-30 56-45 83zm646-16q-24-24-140-24 76 28 124 28 14 0 18-1 0-1-2-3z\"><\/path><\/svg><\/span>                              <span>PDF<\/span><\/a>\n                              <\/span><span class=\"h-link__outer style-1278-outer style-local-556-c14-outer d-inline-flex h-element\"><a h-use-smooth-scroll=\"true\" href=\"\/nasalt\" target=\"_blank\" data-colibri-id=\"556-c14\" class=\"d-flex w-100 align-items-center h-link style-1278 style-local-556-c14 position-relative\" rel=\"noopener\"><!----><span  class=\"h-svg-icon h-link__icon style-1278-icon style-local-556-c14-icon\"><!--Icon by Linea (http:\/\/linea.io)--><svg version=\"1.1\" id=\"Layer_1\" xmlns=\"http:\/\/www.w3.org\/2000\/svg\" xmlns:xlink=\"http:\/\/www.w3.org\/1999\/xlink\" x=\"0px\" y=\"0px\" viewBox=\"0 0 64 64\" enable-background=\"new 0 0 64 64\" xml:space=\"preserve\">\n<g>\n\t<path d=\"M0,58h64V6H0V58z M2,56V16h60v40H2z M62,8v6H2V8H62z\"><\/path>\n\t<rect x=\"6\" y=\"10\" width=\"4\" height=\"2\"><\/rect>\n\t<rect x=\"14\" y=\"10\" width=\"4\" height=\"2\"><\/rect>\n\t<rect x=\"22\" y=\"10\" width=\"4\" height=\"2\"><\/rect>\n\t<path d=\"M36,33c0-3.86-3.14-7-7-7s-7,3.14-7,7s3.14,7,7,7c1.57,0,3.016-0.526,4.185-1.401l7.108,7.108l1.414-1.414l-7.108-7.108\n\t\tC35.474,36.016,36,34.57,36,33z M24,33c0-2.757,2.243-5,5-5s5,2.243,5,5s-2.243,5-5,5S24,35.757,24,33z\"><\/path>\n<\/g>\n<\/svg>\n<\/span> <span>Projekt<\/span><\/a>\n                              <\/span>\n                            <\/div>\n                          <\/div>\n                        <\/div>\n                      <\/div>\n                    <\/div>\n                    <div class=\"h-column h-column-container d-flex h-col-lg-6 h-col-md-6 h-col-12 align-self-lg-center align-self-md-center align-self-center style-1279-outer style-local-556-c15-outer\">\n                      <div data-colibri-id=\"556-c15\" class=\"d-flex h-flex-basis h-column__inner h-px-lg-1 h-px-md-1 h-px-1 v-inner-lg-1 v-inner-md-1 v-inner-1 style-1279 style-local-556-c15 position-relative\">\n                        <!---->\n                        <!---->\n                        <div class=\"w-100 h-y-container h-column__content h-column__v-align flex-basis-100 align-self-lg-start align-self-md-start align-self-start\">\n                          <!---->\n                          <div data-colibri-id=\"556-c16\" class=\"h-text h-text-component style-1275 style-local-556-c16 position-relative h-element\">\n                            <!---->\n                            <!---->\n                            <div class=\"\">\n                              <p>Marburger-Atem-Antwort-Messung (MATAM II)\n                                <br>\n                              <\/p>\n                            <\/div>\n                          <\/div>\n                        <\/div>\n                      <\/div>\n                    <\/div>\n                    <div class=\"h-column h-column-container d-flex h-col-lg-6 h-col-md-6 h-col-12 align-self-lg-center align-self-md-center align-self-center style-1274-outer style-local-556-c17-outer\">\n                      <div data-colibri-id=\"556-c17\" class=\"d-flex h-flex-basis h-column__inner h-px-lg-1 h-px-md-1 h-px-1 v-inner-lg-1 v-inner-md-1 v-inner-1 style-1274 style-local-556-c17 position-relative\">\n                        <!---->\n                        <!---->\n                        <div class=\"w-100 h-y-container h-column__content h-column__v-align flex-basis-100 align-self-lg-center align-self-md-center align-self-center\">\n                          <!---->\n                          <div data-colibri-id=\"556-c18\" class=\"h-x-container style-2142 style-local-556-c18 position-relative h-element\">\n                            <!---->\n                            <div class=\"h-x-container-inner style-dynamic-556-c18-group style-2142-spacing style-local-556-c18-spacing\"><span class=\"h-link__outer style-1277-outer style-local-556-c19-outer d-inline-flex h-element\"><a h-use-smooth-scroll=\"true\" href=\"\/wp-content\/uploads\/2022\/04\/Kooperationsprojekt_MATAM_II.pdf\" data-fancybox=\"section-group-tG25jdJJBnzCC3eD21LqYS\"  data-colibri-id=\"556-c19\" class=\"d-flex w-100 align-items-center h-link style-1277 style-local-556-c19 position-relative\"><!----><span  class=\"h-svg-icon h-link__icon style-1277-icon style-local-556-c19-icon\"><!--Icon by Font Awesome (https:\/\/fontawesome.com)--><svg version=\"1.1\" xmlns=\"http:\/\/www.w3.org\/2000\/svg\" xmlns:xlink=\"http:\/\/www.w3.org\/1999\/xlink\" id=\"file-pdf-o\" viewBox=\"0 0 1611.2499 1896.0833\"><path d=\"M1468 380q28 28 48 76t20 88v1152q0 40-28 68t-68 28H96q-40 0-68-28t-28-68V96q0-40 28-68T96 0h896q40 0 88 20t76 48zm-444-244v376h376q-10-29-22-41l-313-313q-12-12-41-22zm384 1528V640H992q-40 0-68-28t-28-68V128H128v1536h1280zm-514-593q33 26 84 56 59-7 117-7 147 0 177 49 16 22 2 52 0 1-1 2l-2 2v1q-6 38-71 38-48 0-115-20t-130-53q-221 24-392 83-153 262-242 262-15 0-28-7l-24-12q-1-1-6-5-10-10-6-36 9-40 56-91.5t132-96.5q14-9 23 6 2 2 2 4 52-85 107-197 68-136 104-262-24-82-30.5-159.5T657 552q11-40 42-40h22q23 0 35 15 18 21 9 68-2 6-4 8 1 3 1 8v30q-2 123-14 192 55 164 146 238zm-576 411q52-24 137-158-51 40-87.5 84t-49.5 74zm398-920q-15 42-2 132 1-7 7-44 0-3 7-43 1-4 4-8-1-1-1-2-1-2-1-3-1-22-13-36 0 1-1 2v2zm-124 661q135-54 284-81-2-1-13-9.5t-16-13.5q-76-67-127-176-27 86-83 197-30 56-45 83zm646-16q-24-24-140-24 76 28 124 28 14 0 18-1 0-1-2-3z\"><\/path><\/svg><\/span>                              <span>PDF<\/span><\/a>\n                              <\/span><span class=\"h-link__outer style-2405-outer style-local-556-c21-outer d-inline-flex h-element\"><a h-use-smooth-scroll=\"true\" href=\"\/matam-ii\" data-colibri-id=\"556-c21\" class=\"d-flex w-100 align-items-center h-link style-2405 style-local-556-c21 position-relative\" target=\"_blank\" rel=\"noopener\"><!----><span  class=\"h-svg-icon h-link__icon style-2405-icon style-local-556-c21-icon\"><!--Icon by Linea (http:\/\/linea.io)--><svg version=\"1.1\" id=\"Layer_1\" xmlns=\"http:\/\/www.w3.org\/2000\/svg\" xmlns:xlink=\"http:\/\/www.w3.org\/1999\/xlink\" x=\"0px\" y=\"0px\" viewBox=\"0 0 64 64\" enable-background=\"new 0 0 64 64\" xml:space=\"preserve\">\n<g>\n\t<path d=\"M0,58h64V6H0V58z M2,56V16h60v40H2z M62,8v6H2V8H62z\"><\/path>\n\t<rect x=\"6\" y=\"10\" width=\"4\" height=\"2\"><\/rect>\n\t<rect x=\"14\" y=\"10\" width=\"4\" height=\"2\"><\/rect>\n\t<rect x=\"22\" y=\"10\" width=\"4\" height=\"2\"><\/rect>\n\t<path d=\"M36,33c0-3.86-3.14-7-7-7s-7,3.14-7,7s3.14,7,7,7c1.57,0,3.016-0.526,4.185-1.401l7.108,7.108l1.414-1.414l-7.108-7.108\n\t\tC35.474,36.016,36,34.57,36,33z M24,33c0-2.757,2.243-5,5-5s5,2.243,5,5s-2.243,5-5,5S24,35.757,24,33z\"><\/path>\n<\/g>\n<\/svg>\n<\/span> <span>Projekt<\/span><\/a>\n                              <\/span>\n                            <\/div>\n                          <\/div>\n                        <\/div>\n                      <\/div>\n                    <\/div>\n                  <\/div>\n                <\/div>\n              <\/div>\n            <\/div>\n          <\/div>\n          <div class=\"h-column h-column-container d-flex h-col-lg-auto h-col-md-auto h-col-auto style-1267-outer style-local-556-c20-outer\">\n            <div data-colibri-id=\"556-c20\" class=\"d-flex h-flex-basis h-column__inner h-ui-empty-state-container h-px-lg-2 h-px-md-2 h-px-2 v-inner-lg-2 v-inner-md-2 v-inner-2 style-1267 style-local-556-c20 position-relative\">\n              <!---->\n              <!---->\n              <div class=\"w-100 h-y-container h-column__content h-column__v-align flex-basis-100\">\n                <!---->\n              <\/div>\n            <\/div>\n          <\/div>\n        <\/div>\n      <\/div>\n    <\/div>\n  <\/div>\n<\/div>","protected":false},"excerpt":{"rendered":"<p>Forschungsprojekte und \u00f6ffentliche F\u00f6rderung Wir waren und sind Industriepartner in verschiedenen Verbund-F\u00f6rderprojekten und haben in diesem Rahmen Medizinger\u00e4te entwickelt und validiert. Die \u00f6ffentliche F\u00f6rderung erm\u00f6glicht es, zusammen mit kompetenten Partnern aus Wissenschaft und Industrie, wichtige Entwicklungen anzugehen und die Ergebnisse zur Erschlie\u00dfung neuer M\u00e4rkte einzusetzen. Mit unserem Know-How und unseren Kenntnissen im Design und der [&hellip;]<\/p>\n","protected":false},"author":1,"featured_media":1567,"parent":0,"menu_order":0,"comment_status":"closed","ping_status":"closed","template":"page-templates\/full-width-page.php","meta":{"footnotes":""},"class_list":["post-556","page","type-page","status-publish","has-post-thumbnail","hentry"],"_links":{"self":[{"href":"https:\/\/thoratech.de\/de\/wp-json\/wp\/v2\/pages\/556","targetHints":{"allow":["GET"]}}],"collection":[{"href":"https:\/\/thoratech.de\/de\/wp-json\/wp\/v2\/pages"}],"about":[{"href":"https:\/\/thoratech.de\/de\/wp-json\/wp\/v2\/types\/page"}],"author":[{"embeddable":true,"href":"https:\/\/thoratech.de\/de\/wp-json\/wp\/v2\/users\/1"}],"replies":[{"embeddable":true,"href":"https:\/\/thoratech.de\/de\/wp-json\/wp\/v2\/comments?post=556"}],"version-history":[{"count":0,"href":"https:\/\/thoratech.de\/de\/wp-json\/wp\/v2\/pages\/556\/revisions"}],"wp:featuredmedia":[{"embeddable":true,"href":"https:\/\/thoratech.de\/de\/wp-json\/wp\/v2\/media\/1567"}],"wp:attachment":[{"href":"https:\/\/thoratech.de\/de\/wp-json\/wp\/v2\/media?parent=556"}],"curies":[{"name":"wp","href":"https:\/\/api.w.org\/{rel}","templated":true}]}}