{"id":1716,"date":"2022-03-30T15:46:01","date_gmt":"2022-03-30T15:46:01","guid":{"rendered":"http:\/\/dev2.thoratech.de\/?page_id=1716"},"modified":"2026-01-21T15:57:10","modified_gmt":"2026-01-21T14:57:10","slug":"qualitaetsmanagement","status":"publish","type":"page","link":"https:\/\/thoratech.de\/en\/qualitaetsmanagement\/","title":{"rendered":"Quality Management"},"content":{"rendered":"<div data-colibri-id=\"1716-c1\" class=\"style-1057 style-local-1716-c1 position-relative\">\n  <!---->\n  <div data-colibri-component=\"section\" data-colibri-id=\"1716-c2\" id=\"about\" class=\"h-section h-section-global-spacing d-flex align-items-lg-center align-items-md-center align-items-center style-1058 style-local-1716-c2 position-relative\">\n    <!---->\n    <!---->\n    <div class=\"h-section-grid-container h-section-boxed-container\">\n      <!---->\n      <div data-colibri-id=\"1716-c3\" class=\"h-row-container gutters-row-lg-2 gutters-row-md-2 gutters-row-2 gutters-row-v-lg-2 gutters-row-v-md-2 gutters-row-v-2 style-1059 style-local-1716-c3 position-relative\">\n        <!---->\n        <div class=\"h-row justify-content-lg-center justify-content-md-center justify-content-center align-items-lg-stretch align-items-md-stretch align-items-stretch gutters-col-lg-2 gutters-col-md-2 gutters-col-2 gutters-col-v-lg-2 gutters-col-v-md-2 gutters-col-v-2\">\n          <!---->\n          <div class=\"h-column h-column-container d-flex h-col-lg-auto h-col-md-auto h-col-auto style-1060-outer style-local-1716-c4-outer\">\n            <div data-colibri-id=\"1716-c4\" class=\"d-flex h-flex-basis h-column__inner h-px-lg-2 h-px-md-2 h-px-2 v-inner-lg-2 v-inner-md-2 v-inner-2 style-1060 style-local-1716-c4 position-relative\">\n              <!---->\n              <!---->\n              <div class=\"w-100 h-y-container h-column__content h-column__v-align flex-basis-100 align-self-lg-center align-self-md-center align-self-center\">\n                <!---->\n                <div data-colibri-id=\"1716-c5\" class=\"h-global-transition-all h-heading style-1061 style-local-1716-c5 position-relative h-element\">\n                  <!---->\n                  <div class=\"h-heading__outer style-1061 style-local-1716-c5\">\n                    <!---->\n                    <!---->\n                    <h3 class=\"\">The highest quality and reliability<\/h3>\n                  <\/div>\n                <\/div>\n                <div data-colibri-id=\"1716-c6\" class=\"h-lead h-text h-text-component style-1078 style-local-1716-c6 position-relative h-element\">\n                  <!---->\n                  <!---->\n                  <div class=\"\">\n                    <p>Thora Tech stands for innovative and safe products and services.<\/p>\n                    <p>Our goal is to develop and manufacture products for the benefit of patients which are in accordance with the requirements of our customers, and to maintain the satisfaction and trust of our partners. \nIn doing so, we are particularly committed to quality in order to provide services and offer products that meet the customers needs and regulatory requirements.<\/p>\n                    <p>For us, quality is a strategic success factor and an integral part of our daily work. Our integrated quality management system according to the international standard DIN EN ISO 13485 is an expression of our overall understanding of quality. Every employee of Thora Tech is obliged to know, apply and further develop the principles and procedures described in our quality management system.<\/p>\n                  <\/div>\n                <\/div>\n              <\/div>\n            <\/div>\n          <\/div>\n          <div class=\"h-column h-column-container d-flex h-col-lg-auto h-col-md-auto h-col-auto style-1066-outer style-local-1716-c7-outer\">\n            <div data-colibri-id=\"1716-c7\" class=\"d-flex h-flex-basis h-column__inner h-px-lg-2 h-px-md-2 h-px-2 v-inner-lg-2 v-inner-md-2 v-inner-2 style-1066 style-local-1716-c7 position-relative\">\n              <!---->\n              <!---->\n              <div class=\"w-100 h-y-container h-column__content h-column__v-align flex-basis-100 align-self-lg-center align-self-md-center align-self-center\">\n                <!---->\n                <div data-colibri-id=\"1716-c8\" class=\"h-row-container gutters-row-lg-0 gutters-row-md-0 gutters-row-0 gutters-row-v-lg-0 gutters-row-v-md-0 gutters-row-v-0 style-1067 style-local-1716-c8 position-relative\">\n                  <!---->\n                  <div class=\"h-row justify-content-lg-start justify-content-md-start justify-content-start align-items-lg-stretch align-items-md-stretch align-items-stretch gutters-col-lg-0 gutters-col-md-0 gutters-col-0 gutters-col-v-lg-0 gutters-col-v-md-0 gutters-col-v-0\">\n                    <!---->\n                    <div class=\"h-column h-column-container d-flex h-col-lg-auto h-col-md-auto h-col-auto style-1068-outer style-local-1716-c9-outer\">\n                      <div data-colibri-id=\"1716-c9\" class=\"d-flex h-flex-basis h-column__inner h-px-lg-3 h-px-md-3 h-px-3 v-inner-lg-3 v-inner-md-3 v-inner-3 style-1068 style-local-1716-c9 position-relative\">\n                        <!---->\n                        <!---->\n                        <div class=\"w-100 h-y-container h-column__content h-column__v-align flex-basis-100 align-self-lg-center align-self-md-center align-self-center\">\n                          <!---->\n                          <div data-colibri-id=\"1716-c10\" class=\"h-global-transition-all h-heading style-1069 style-local-1716-c10 position-relative h-element\">\n                            <!---->\n                            <div class=\"h-heading__outer style-1069 style-local-1716-c10\">\n                              <!---->\n                              <!---->\n                              <h3 class=\"\"><span style=\"font-size: 90%;\">Certified?<\/span><\/h3>\n                            <\/div>\n                          <\/div>\n                          <div data-colibri-id=\"1716-c11\" class=\"h-text h-text-component style-1071 style-local-1716-c11 position-relative h-element\">\n                            <!---->\n                            <!---->\n                            <div class=\"\">\n                              <p>You can download our certificates from the following link\n                                <br>\n                              <\/p>\n                            <\/div>\n                          <\/div>\n                          <div data-colibri-id=\"1716-c12\" class=\"style-1072 style-local-1716-c12 position-relative h-element\">\n                            <!---->\n                          <\/div>\n                          <div data-colibri-id=\"1716-c13\" class=\"h-x-container style-1073 style-local-1716-c13 position-relative h-element\">\n                            <!---->\n                            <div class=\"h-x-container-inner style-dynamic-1716-c13-group style-1073-spacing style-local-1716-c13-spacing\"><span class=\"h-link__outer style-1074-outer style-local-1716-c14-outer d-inline-flex h-element\"><a h-use-smooth-scroll=\"true\" href=\"\/en\/zertifikate\/\" target=\"_blank\"  data-colibri-id=\"1716-c14\" class=\"d-flex w-100 align-items-center h-link style-1074 style-local-1716-c14 position-relative\"><!----><!----> <span>Show Certificates<\/span>                              <span class=\"h-svg-icon h-link__icon style-1074-icon style-local-1716-c14-icon\"><!--Icon by Icons8 Line Awesome (https:\/\/icons8.com\/line-awesome)--><svg version=\"1.1\" xmlns=\"http:\/\/www.w3.org\/2000\/svg\" xmlns:xlink=\"http:\/\/www.w3.org\/1999\/xlink\" id=\"angle-double-right\" viewbox=\"0 0 512 545.5\"><path d=\"M145.5 108.5l168 168L325 288l-11.5 11.5-168 168-22.5-23L279.5 288 123 131.5zm112 0l168 168L437 288l-11.5 11.5-168 168-22.5-23L391.5 288 235 131.5z\"><\/path><\/svg><\/span><\/a>\n                              <\/span>\n                            <\/div>\n                          <\/div>\n                        <\/div>\n                      <\/div>\n                    <\/div>\n                  <\/div>\n                <\/div>\n                <div data-colibri-id=\"1716-c15\" class=\"h-multiple-image style-1075 style-local-1716-c15 position-relative h-element\">\n                  <!---->\n                  <div class=\"position-relative\">\n                    <div class=\"h-multiple-image-inside-container\">\n                      <div class=\"ratio-inner\">\n                        <div data-colibri-id=\"1716-c16\" class=\"d-block style-1076 style-local-1716-c16 position-relative h-element\">\n                          <!---->\n                          <div class=\"h-image__frame-container-outer\">\n                            <div class=\"h-image__frame-container\">\n                              <!---->\n                              <!---->\n                              <img loading=\"lazy\" decoding=\"async\" width=\"155\" height=\"130\" src=\"https:\/\/thoratech.de\/wp-content\/uploads\/2022\/03\/Forschung_und_Entwicklung_2020_web.png\" class=\"style-1075-images style-local-1716-c15-images wp-image-778 style-1076-image style-local-1716-c16-image\" alt=\"\" srcset=\"https:\/\/thoratech.de\/wp-content\/uploads\/2022\/03\/Forschung_und_Entwicklung_2020_web.png 155w, https:\/\/thoratech.de\/wp-content\/uploads\/2022\/03\/Forschung_und_Entwicklung_2020_web-14x12.png 14w\" sizes=\"auto, (max-width: 155px) 100vw, 155px\" \/>\n                              <div class=\"h-image__frame h-hide-lg h-hide-md h-hide-sm style-1076-frameImage style-local-1716-c16-frameImage\"><\/div>\n                            <\/div>\n                          <\/div>\n                        <\/div>\n                        <div data-colibri-id=\"1716-c17\" class=\"d-block style-1077 style-local-1716-c17 position-relative h-element\">\n                          <!---->\n                          <div class=\"h-image__frame-container-outer\">\n                            <div class=\"h-image__frame-container\">\n                              <!---->\n                              <!---->\n                              <img loading=\"lazy\" decoding=\"async\" width=\"426\" height=\"479\" src=\"https:\/\/thoratech.de\/wp-content\/uploads\/2024\/10\/TUVZertifikat.png\" class=\"style-1075-images style-local-1716-c15-images wp-image-5199 style-1077-image style-local-1716-c17-image\" alt=\"\" srcset=\"https:\/\/thoratech.de\/wp-content\/uploads\/2024\/10\/TUVZertifikat.png 426w, https:\/\/thoratech.de\/wp-content\/uploads\/2024\/10\/TUVZertifikat-267x300.png 267w, https:\/\/thoratech.de\/wp-content\/uploads\/2024\/10\/TUVZertifikat-11x12.png 11w\" sizes=\"auto, (max-width: 426px) 100vw, 426px\" \/>\n                              <div class=\"h-image__frame h-hide-lg h-hide-md h-hide-sm style-1077-frameImage style-local-1716-c17-frameImage\"><\/div>\n                            <\/div>\n                          <\/div>\n                        <\/div>\n                      <\/div>\n                    <\/div>\n                  <\/div>\n                <\/div>\n              <\/div>\n            <\/div>\n          <\/div>\n        <\/div>\n      <\/div>\n    <\/div>\n  <\/div>\n<\/div>","protected":false},"excerpt":{"rendered":"<p>H\u00f6chste Qualit\u00e4t und Zuverl\u00e4ssigkeit Die Thora Tech steht f\u00fcr innovative und sichere Produkte und Dienstleistungen. Unser Ziel ist es, Produkte zum Nutzen der Patienten und gem\u00e4\u00df den Anforderungen unserer Kunden zu entwickeln und zu produzieren, und die Zufriedenheit und das Vertrauen unserer Partner zu bewahren. Dabei f\u00fchlen wir uns in besonderer Weise der Qualit\u00e4t verpflichtet, [&hellip;]<\/p>\n","protected":false},"author":1,"featured_media":971,"parent":0,"menu_order":0,"comment_status":"closed","ping_status":"closed","template":"page-templates\/full-width-page.php","meta":{"footnotes":""},"class_list":["post-1716","page","type-page","status-publish","has-post-thumbnail","hentry"],"_links":{"self":[{"href":"https:\/\/thoratech.de\/en\/wp-json\/wp\/v2\/pages\/1716","targetHints":{"allow":["GET"]}}],"collection":[{"href":"https:\/\/thoratech.de\/en\/wp-json\/wp\/v2\/pages"}],"about":[{"href":"https:\/\/thoratech.de\/en\/wp-json\/wp\/v2\/types\/page"}],"author":[{"embeddable":true,"href":"https:\/\/thoratech.de\/en\/wp-json\/wp\/v2\/users\/1"}],"replies":[{"embeddable":true,"href":"https:\/\/thoratech.de\/en\/wp-json\/wp\/v2\/comments?post=1716"}],"version-history":[{"count":1,"href":"https:\/\/thoratech.de\/en\/wp-json\/wp\/v2\/pages\/1716\/revisions"}],"predecessor-version":[{"id":5447,"href":"https:\/\/thoratech.de\/en\/wp-json\/wp\/v2\/pages\/1716\/revisions\/5447"}],"wp:featuredmedia":[{"embeddable":true,"href":"https:\/\/thoratech.de\/en\/wp-json\/wp\/v2\/media\/971"}],"wp:attachment":[{"href":"https:\/\/thoratech.de\/en\/wp-json\/wp\/v2\/media?parent=1716"}],"curies":[{"name":"wp","href":"https:\/\/api.w.org\/{rel}","templated":true}]}}